{"id":148,"date":"2026-02-06T23:16:57","date_gmt":"2026-02-06T23:16:57","guid":{"rendered":"http:\/\/192.168.2.33\/?page_id=148"},"modified":"2026-03-25T12:06:08","modified_gmt":"2026-03-25T12:06:08","slug":"contact","status":"publish","type":"page","link":"https:\/\/wedding.tofari.de\/index.php\/contact\/","title":{"rendered":"Unterkunftsempfehlungen"},"content":{"rendered":"\n<p>Es k\u00f6nnte schwierig sein, nach der Veranstaltung nach Hause zu kommen, da es in der N\u00e4he keine Busse oder Z\u00fcge gibt. G\u00e4ste, die \u00fcbernachten m\u00f6chten, haben die M\u00f6glichkeit, in der N\u00e4he Unterk\u00fcnfte zu buchen oder auf dem Veranstaltungsgel\u00e4nde zu campen.<\/p>\n\n\n\n<ul class=\"wp-block-list\">\n<li><strong>Hotels:<\/strong> Nachfolgend einige Vorschl\u00e4ge f\u00fcr Hotels in der N\u00e4he der Hochzeitslocation. Ihr k\u00f6nnt direkt mit den Hotels Kontakt aufnehmen und eine Unterkunft buchen, die euch am besten passt. Alternativ k\u00f6nnt ihr auch in Stadthagen \u00fcbernachten; das ist etwa eine halbe Stunde mit dem Taxi vom Hof Frien entfernt.<\/li>\n\n\n\n<li><strong><strong>Camping vor Ort:<\/strong><\/strong>  Camping ist auf dem Veranstaltungsgel\u00e4nde erlaubt. G\u00e4ste, die campen m\u00f6chten, sollten ihre eigene Campingausr\u00fcstung mitbringen und uns eine kurz Info geben, damit wir den Veranstalter benachrichtigen k\u00f6nnen.<\/li>\n<\/ul>\n\n\n\n<p><a href=\"https:\/\/www.uchte-online.de\/tourismus-kultur\/unterkuenfte-gastronomie\/unterkuenfte\">https:\/\/www.uchte-online.de\/tourismus-kultur\/unterkuenfte-gastronomie\/unterkuenfte<\/a><\/p>\n\n\n\n<p><a href=\"https:\/\/www.booking.com\/searchresults.en-gb.html?ss=Hof+Frien&amp;ssne=Uchte&amp;ssne_untouched=Uchte&amp;highlighted_hotels=12923994&amp;label=gen173rf-10CAsoO0IPd2FsZGJsaWNrLXVjaHRlSAlYA2g7iAEBmAEzuAEXyAEM2AED6AEB-AEBiAIBogIRd2VkZGluZy50b2ZhcmkuZGWoAgG4AqLPis4GwAIB0gIkNzI2YzdhZTgtMTg1YS00MDQxLWIzMDktM2I4ZDA5YTY4MGMz2AIB4AIB&amp;aid=304142&amp;lang=en-gb&amp;sb=1&amp;src_elem=sb&amp;src=searchresults&amp;dest_id=ChIJ6zLdYN2YsEcROP-kYRTi7uU&amp;dest_type=latlong&amp;latitude=52.4744619&amp;longitude=8.9090346&amp;ac_position=0&amp;ac_click_type=g&amp;ac_langcode=en&amp;ac_suggestion_list_length=1&amp;search_selected=true&amp;search_pageview_id=7cd369d667d4034c&amp;ac_meta=IAAoAjICZW5aDXdlZGRpbmdfdmVudWU%3D&amp;checkin=2026-08-01&amp;checkout=2026-08-02&amp;group_adults=2&amp;no_rooms=1&amp;group_children=0\">Booking.com Empfehlung<\/a><\/p>\n\n\n\n<div data-wp-interactive=\"core\/file\" class=\"wp-block-file\"><object data-wp-bind--hidden=\"!state.hasPdfPreview\" hidden class=\"wp-block-file__embed\" data=\"https:\/\/wedding.tofari.de\/wp-content\/uploads\/2026\/03\/Hoffrien-Unterkuenfte-1.pdf\" type=\"application\/pdf\" style=\"width:100%;height:600px\" aria-label=\"Embed of Hoffrien-Unterkuenfte.\"><\/object><a id=\"wp-block-file--media-3c0d15b1-cdac-4e26-86f9-9e9a4dbb1a85\" href=\"https:\/\/wedding.tofari.de\/wp-content\/uploads\/2026\/03\/Hoffrien-Unterkuenfte-1.pdf\">Hoffrien-Unterkuenfte<\/a><a href=\"https:\/\/wedding.tofari.de\/wp-content\/uploads\/2026\/03\/Hoffrien-Unterkuenfte-1.pdf\" class=\"wp-block-file__button wp-element-button\" download aria-describedby=\"wp-block-file--media-3c0d15b1-cdac-4e26-86f9-9e9a4dbb1a85\">Download<\/a><\/div>\n\n\n\n<p><\/p>\n","protected":false},"excerpt":{"rendered":"<p>Es k\u00f6nnte schwierig sein, nach der Veranstaltung nach Hause zu kommen, da es in der N\u00e4he keine Busse oder Z\u00fcge [&hellip;]<\/p>\n","protected":false},"author":1,"featured_media":0,"parent":0,"menu_order":3,"comment_status":"closed","ping_status":"closed","template":"","meta":{"site-sidebar-layout":"default","site-content-layout":"","ast-site-content-layout":"default","site-content-style":"default","site-sidebar-style":"default","ast-global-header-display":"","ast-banner-title-visibility":"","ast-main-header-display":"","ast-hfb-above-header-display":"","ast-hfb-below-header-display":"","ast-hfb-mobile-header-display":"","site-post-title":"","ast-breadcrumbs-content":"","ast-featured-img":"","footer-sml-layout":"","ast-disable-related-posts":"","theme-transparent-header-meta":"","adv-header-id-meta":"","stick-header-meta":"","header-above-stick-meta":"","header-main-stick-meta":"","header-below-stick-meta":"","astra-migrate-meta-layouts":"default","ast-page-background-enabled":"default","ast-page-background-meta":{"desktop":{"background-color":"var(--ast-global-color-5)","background-image":"","background-repeat":"repeat","background-position":"center center","background-size":"auto","background-attachment":"scroll","background-type":"","background-media":"","overlay-type":"","overlay-color":"","overlay-opacity":"","overlay-gradient":""},"tablet":{"background-color":"","background-image":"","background-repeat":"repeat","background-position":"center center","background-size":"auto","background-attachment":"scroll","background-type":"","background-media":"","overlay-type":"","overlay-color":"","overlay-opacity":"","overlay-gradient":""},"mobile":{"background-color":"","background-image":"","background-repeat":"repeat","background-position":"center center","background-size":"auto","background-attachment":"scroll","background-type":"","background-media":"","overlay-type":"","overlay-color":"","overlay-opacity":"","overlay-gradient":""}},"ast-content-background-meta":{"desktop":{"background-color":"var(--ast-global-color-4)","background-image":"","background-repeat":"repeat","background-position":"center center","background-size":"auto","background-attachment":"scroll","background-type":"","background-media":"","overlay-type":"","overlay-color":"","overlay-opacity":"","overlay-gradient":""},"tablet":{"background-color":"var(--ast-global-color-4)","background-image":"","background-repeat":"repeat","background-position":"center center","background-size":"auto","background-attachment":"scroll","background-type":"","background-media":"","overlay-type":"","overlay-color":"","overlay-opacity":"","overlay-gradient":""},"mobile":{"background-color":"var(--ast-global-color-4)","background-image":"","background-repeat":"repeat","background-position":"center center","background-size":"auto","background-attachment":"scroll","background-type":"","background-media":"","overlay-type":"","overlay-color":"","overlay-opacity":"","overlay-gradient":""}},"footnotes":""},"class_list":["post-148","page","type-page","status-publish","hentry"],"_links":{"self":[{"href":"https:\/\/wedding.tofari.de\/index.php\/wp-json\/wp\/v2\/pages\/148","targetHints":{"allow":["GET"]}}],"collection":[{"href":"https:\/\/wedding.tofari.de\/index.php\/wp-json\/wp\/v2\/pages"}],"about":[{"href":"https:\/\/wedding.tofari.de\/index.php\/wp-json\/wp\/v2\/types\/page"}],"author":[{"embeddable":true,"href":"https:\/\/wedding.tofari.de\/index.php\/wp-json\/wp\/v2\/users\/1"}],"replies":[{"embeddable":true,"href":"https:\/\/wedding.tofari.de\/index.php\/wp-json\/wp\/v2\/comments?post=148"}],"version-history":[{"count":15,"href":"https:\/\/wedding.tofari.de\/index.php\/wp-json\/wp\/v2\/pages\/148\/revisions"}],"predecessor-version":[{"id":297,"href":"https:\/\/wedding.tofari.de\/index.php\/wp-json\/wp\/v2\/pages\/148\/revisions\/297"}],"wp:attachment":[{"href":"https:\/\/wedding.tofari.de\/index.php\/wp-json\/wp\/v2\/media?parent=148"}],"curies":[{"name":"wp","href":"https:\/\/api.w.org\/{rel}","templated":true}]}}